{"id":96,"date":"2016-06-22T13:00:43","date_gmt":"2016-06-22T11:00:43","guid":{"rendered":"https:\/\/www.um.sav.sk\/en\/?page_id=96"},"modified":"2024-04-25T09:36:20","modified_gmt":"2024-04-25T07:36:20","slug":"applied-mathematics","status":"publish","type":"page","link":"https:\/\/www.um.sav.sk\/en\/education\/phd-study\/applied-mathematics\/","title":{"rendered":"Study program &#8220;Applied mathematics&#8221;"},"content":{"rendered":"<p align=\"justify\">Since 2020, based on the frame agreement with Faculty of Mathematics, Physics and Informatics, Comenius University in Bratislava (FMFI UK), the Institute of Measurement Science as an external educational institution participates on the PhD study program \u201eApplied Mathematics&#8221; that is incorporated in the PhD study field &#8220;Mathematics&#8221;.<\/p>\n<h3>Basic information<\/h3>\n<ul>\n<li><strong>Guarantee of the study at FMFI UK:<\/strong> prof. RNDr. Daniel \u0160ev\u010dovi\u010d, CSc.<\/li>\n<li><strong>Guarantee of the study in the IMS SAS:<\/strong> doc. RNDr. Viktor Witkovsk\u00fd, PhD.<\/li>\n<li><strong>Forms of the study:<\/strong> full-time 4 years, external 5 years<\/li>\n<li><strong>Obtained degree:<\/strong>\u00a0PhD (Philosophiae Doctor), received from the cooperating University;<\/li>\n<li><strong>Language of the study:<\/strong> Slovak\/English<\/li>\n<\/ul>\n<p align=\"justify\">The study in combined Slovak\/English language is without tuition fee, full-time student receives from the Institute stipendium 1025.50 \u20ac per month, and 1194.00 \u20ac after dissertation exam.<\/p>\n<p align=\"justify\">Information on actual topics for the study can be found in section <a href=\"https:\/\/www.um.sav.sk\/en\/education\/phd-study\/dissertation-topics\/\">Dissertation topics<\/a>. To obtain additional information on selected topic it is recommended to contact the advisor by email before submitting the application.<\/p>\n<p align=\"justify\">Information on current admission procedures for the PhD study are in the section <a href=\"https:\/\/www.um.sav.sk\/en\/education\/phd-study\/admission-procedures\/\">Admission procedures<\/a>.<\/p>\n<p align=\"justify\">Information on the seminars of current PhD students are in section <a href=\"https:\/\/www.um.sav.sk\/en\/events\/seminars\/\">Seminars<\/a>, information on PhD thesis defenses is published in section <a href=\"https:\/\/www.um.sav.sk\/en\/events\/news\/\">News<\/a>.<\/p>\n<p align=\"justify\">Additional information about the study can be found on the webpage of FMFI UK in Bratislava in section\u00a0<a href=\"https:\/\/fmph.uniba.sk\/en\/admissions\/doctoral-degree-programs\/\" target=\"_blank\" rel=\"noopener\">Doctoral Degrees Programs.<\/a><\/p>\n","protected":false},"excerpt":{"rendered":"<p>Since 2020, based on the frame agreement with Faculty of Mathematics, Physics and Informatics, Comenius University in Bratislava (FMFI UK), the Institute of Measurement Science&#8230;<\/p>\n","protected":false},"author":5,"featured_media":0,"parent":1069,"menu_order":513,"comment_status":"closed","ping_status":"closed","template":"","meta":{"footnotes":"","_links_to":"","_links_to_target":""},"class_list":["post-96","page","type-page","status-publish","hentry"],"publishpress_future_action":{"enabled":false,"date":"2026-05-19 10:25:41","action":"change-status","newStatus":"draft","terms":[],"taxonomy":"","extraData":[]},"publishpress_future_workflow_manual_trigger":{"enabledWorkflows":[]},"_links":{"self":[{"href":"https:\/\/www.um.sav.sk\/en\/wp-json\/wp\/v2\/pages\/96","targetHints":{"allow":["GET"]}}],"collection":[{"href":"https:\/\/www.um.sav.sk\/en\/wp-json\/wp\/v2\/pages"}],"about":[{"href":"https:\/\/www.um.sav.sk\/en\/wp-json\/wp\/v2\/types\/page"}],"author":[{"embeddable":true,"href":"https:\/\/www.um.sav.sk\/en\/wp-json\/wp\/v2\/users\/5"}],"replies":[{"embeddable":true,"href":"https:\/\/www.um.sav.sk\/en\/wp-json\/wp\/v2\/comments?post=96"}],"version-history":[{"count":7,"href":"https:\/\/www.um.sav.sk\/en\/wp-json\/wp\/v2\/pages\/96\/revisions"}],"predecessor-version":[{"id":3552,"href":"https:\/\/www.um.sav.sk\/en\/wp-json\/wp\/v2\/pages\/96\/revisions\/3552"}],"up":[{"embeddable":true,"href":"https:\/\/www.um.sav.sk\/en\/wp-json\/wp\/v2\/pages\/1069"}],"wp:attachment":[{"href":"https:\/\/www.um.sav.sk\/en\/wp-json\/wp\/v2\/media?parent=96"}],"curies":[{"name":"wp","href":"https:\/\/api.w.org\/{rel}","templated":true}]}}