{"id":943,"date":"2020-01-21T14:28:18","date_gmt":"2020-01-21T13:28:18","guid":{"rendered":"https:\/\/www.um.sav.sk\/en\/?page_id=943"},"modified":"2020-01-21T14:49:25","modified_gmt":"2020-01-21T13:49:25","slug":"the-comparison-of-the-performance-of-the-magnetic-resonance-3-t-and-7-t-by-using-of-t2-relaxation-parameters-mapping-for-untreated-low-grade-cartilage-lesions","status":"publish","type":"page","link":"https:\/\/www.um.sav.sk\/en\/research\/selected-results-2019\/the-comparison-of-the-performance-of-the-magnetic-resonance-3-t-and-7-t-by-using-of-t2-relaxation-parameters-mapping-for-untreated-low-grade-cartilage-lesions\/","title":{"rendered":"The comparison of the performance of the magnetic resonance 3 T and 7 T by using of T2 \u2013 relaxation parameters mapping for untreated low-grade cartilage lesions"},"content":{"rendered":"<p>Investigators: V. Jur\u00e1\u0161, P. Szomol\u00e1nyi, L. Valkovi\u010d<\/p>\n<p>The goal of the research was to investigate T2 \u2013 relaxation parameters mapping as a possible marker for low-grade human articular cartilage lesions during a one-year follow-up, possible changes during the follow-up and compare the reliability and sensitivity of these measurements on high-field (3 T) and ultra-high-field (7 T) MRI scanners.<\/p>\n<p>The change in T2 values acquired with 3 T using method \u201cthree-dimensional triple-echo steady-state\u201d appears to be reflecting subtle changes of cartilage composition in the course of low-grade lesion development. 7 T T2 mapping does not reflect these changes probably due to completely decayed short T2 component.<\/p>\n<p>The new method will find application in clinical practice and as a source for further research.<\/p>\n<p><img loading=\"lazy\" decoding=\"async\" class=\"wp-image-935 aligncenter\" src=\"https:\/\/www.um.sav.sk\/en\/wp-content\/uploads\/sites\/2\/2019_projekty-2-300x150.jpg\" alt=\"\" width=\"470\" height=\"235\" srcset=\"https:\/\/www.um.sav.sk\/en\/wp-content\/uploads\/sites\/2\/2019_projekty-2-300x150.jpg 300w, https:\/\/www.um.sav.sk\/en\/wp-content\/uploads\/sites\/2\/2019_projekty-2-768x385.jpg 768w, https:\/\/www.um.sav.sk\/en\/wp-content\/uploads\/sites\/2\/2019_projekty-2-1024x513.jpg 1024w, https:\/\/www.um.sav.sk\/en\/wp-content\/uploads\/sites\/2\/2019_projekty-2-100x50.jpg 100w, https:\/\/www.um.sav.sk\/en\/wp-content\/uploads\/sites\/2\/2019_projekty-2.jpg 1484w\" sizes=\"auto, (max-width: 470px) 100vw, 470px\" \/><\/p>\n<p><em>Fig. 1 \u00a0\u00a0An example of T2 maps and a cartilage bilayer segmentation of a patient with a low-grade cartilage lesion acquired at 7 T.<\/em><\/p>\n<ol>\n<li><em>A) Three-dimensional double-echo steady-state sequence image with the lesion delineated by the yellow arrows.<\/em><\/li>\n<li><em>B) T2 map overlaid on F0 contrast of a three-dimensional triple-echo steady-state image. The values of the color bars are T2 in milliseconds.<\/em><\/li>\n<\/ol>\n<p>&nbsp;<\/p>\n<p>Related projects:<\/p>\n<ul>\n<li>ASC-2020, Comparative imaging methods based on magnetic resonance. Partner: Univ.-Prof. Dr. Siegfried Trattnig, MR Center, Highfield MR, Department of Radiology, Medical University of Vienna, Austria.<\/li>\n<li>VEGA 2\/0001\/17 &#8211; Measuring and imaging methods based on magnetic resonance for material and biomedical research<\/li>\n<li>APVV-15-0029 &#8211; Research of comparative imaging methods based on magnetic resonance for diagnostics of neurological and musculoskeletal diseases<\/li>\n<\/ul>\n<p>&nbsp;<\/p>\n<p>Publications 2019:<\/p>\n<ol>\n<li><u>JUR\u00c1\u0160, Vladim\u00edr<\/u> \u2013 SCHREINER, M. \u2013 LAURENT, D. \u2013 ZB\u00dd\u0147, \u0160. \u2013 MLYNARIK, V. \u2013 <u>SZOMOL\u00c1NYI, Pavol<\/u> \u2013 HAGER, B. \u2013 SCOTTI, C. \u2013 GOLDHAHN, J. \u2013 HEULE, R. \u2013 BIERI, O. \u2013 TRATTNIG, S. The comparison of the performance of 3 T and 7 T T2 mapping for untreated low-grade cartilage lesions. In <em>Magnetic Resonance Imaging<\/em>, 2019, vol. 55, p. 86-92. ISSN 0730-725X. (2.112-IF2018) <strong>Q1<\/strong><\/li>\n<li><u>JUR\u00c1\u0160, Vladim\u00edr<\/u> \u2013 MLYNARIK, V. \u2013 <u>SZOMOL\u00c1NYI, Pavol<\/u> \u2013 <u>VALKOVI\u010c, Ladislav<\/u> \u2013 TRATTNIG, S. Magnetic resonance imaging of the musculoskeletal system at 7T: Morphological imaging and beyond. In <em>Topics in Magnetic Resonance Imaging<\/em>, 2019, vol. 28, no. 3, p. 125-135. ISSN 0899-3459.<\/li>\n<li>HAGER, B. \u2013 WALZER, S.M. \u2013 DELIGIANNI, X. \u2013 BIERI, O. \u2013 BERG, A. \u2013 SCHREINER, M.M. \u2013 ZALAUDEK, M. \u2013 WINDHAGER, R. \u2013 TRATTNIG, S. \u2013 <u>JUR\u00c1\u0160, Vladim\u00edr<\/u>. Orientation dependence and decay characteristics of T2* relaxation in the human meniscus studied with 7 Tesla MR microscopy and compared to histology. In <em>Magnetic Resonance in Medicine<\/em>, 2019, vol. 81, no. 2, p. 921-933. ISSN 0740-3194. (3.858-IF2018) <strong>Q1<\/strong><\/li>\n<li><u>SZOMOL\u00c1NYI, Pavol<\/u> \u2013 ROHRER, M. \u2013 FRENZEL, T. \u2013 NOEBAUER-HUHMANN, I.M. \u2013 JOST, G. \u2013 ENDRIKAT, J. \u2013 TRATTNIG, S. \u2013 PIETSCH, H. Comparison of the relaxivities of macrocyclic gadolinium-based contrast agents in human plasma at 1.5, 3, and 7 T, and blood at 3 T. In <em>Investigative Radiology<\/em>, 2019, vol. 54, no. 9, p. 559-564. ISSN 0020-9996. (6.091-IF2018) <strong>Q1<\/strong><\/li>\n<li>BRISTELA, M. \u2013 SKOLKA, A. \u2013 EDER, J. \u2013 <u>SZOMOL\u00c1NYI, Pavol<\/u> \u2013 WEBER, M. \u2013 PIEHSLINGER, E. \u2013 SCHMID-SCHWAP, M. \u2013 TRATTNIG, S. T2 mapping with 3.0\u202fT MRI of the temporomandibular joint disc of patients with disc dislocation. In <em>Magnetic Resonance Imaging<\/em>, 2019, vol. 58, p. 125-134. ISSN 0730-725X. (2.112-IF2018) <strong>Q1<\/strong><\/li>\n<li>RAUDNER, M, \u2013 SCHREINER, M. M., \u2013 <u>JURAS, V<\/u>. \u2013WEBER, M. \u2013 STELZENEDER, D.\u00a0 \u2013KRONNERWETTER, C.\u00a0 \u2013WINDHAGER, R. \u2013TRATTNIG, S.\u00a0 \u00a0Prediction of Lumbar Disk Herniation and Clinical Outcome Using Quantitative Magnetic Resonance Imaging.\u00a0 A 5-Year Follow-Up Study. Investigative Radiology \u2022 Volume 54, Number 3, March 2019. p. 183-189. (6.091-IF2018) <strong>Q1<\/strong><\/li>\n<\/ol>\n","protected":false},"excerpt":{"rendered":"<p>Investigators: V. Jur\u00e1\u0161, P. Szomol\u00e1nyi, L. Valkovi\u010d The goal of the research was to investigate T2 \u2013 relaxation parameters mapping as a possible marker for&#8230;<\/p>\n","protected":false},"author":4,"featured_media":0,"parent":923,"menu_order":0,"comment_status":"closed","ping_status":"closed","template":"","meta":{"footnotes":"","_links_to":"","_links_to_target":""},"class_list":["post-943","page","type-page","status-publish","hentry"],"publishpress_future_action":{"enabled":false,"date":"2026-05-12 04:18:15","action":"change-status","newStatus":"draft","terms":[],"taxonomy":"","extraData":[]},"publishpress_future_workflow_manual_trigger":{"enabledWorkflows":[]},"_links":{"self":[{"href":"https:\/\/www.um.sav.sk\/en\/wp-json\/wp\/v2\/pages\/943","targetHints":{"allow":["GET"]}}],"collection":[{"href":"https:\/\/www.um.sav.sk\/en\/wp-json\/wp\/v2\/pages"}],"about":[{"href":"https:\/\/www.um.sav.sk\/en\/wp-json\/wp\/v2\/types\/page"}],"author":[{"embeddable":true,"href":"https:\/\/www.um.sav.sk\/en\/wp-json\/wp\/v2\/users\/4"}],"replies":[{"embeddable":true,"href":"https:\/\/www.um.sav.sk\/en\/wp-json\/wp\/v2\/comments?post=943"}],"version-history":[{"count":10,"href":"https:\/\/www.um.sav.sk\/en\/wp-json\/wp\/v2\/pages\/943\/revisions"}],"predecessor-version":[{"id":964,"href":"https:\/\/www.um.sav.sk\/en\/wp-json\/wp\/v2\/pages\/943\/revisions\/964"}],"up":[{"embeddable":true,"href":"https:\/\/www.um.sav.sk\/en\/wp-json\/wp\/v2\/pages\/923"}],"wp:attachment":[{"href":"https:\/\/www.um.sav.sk\/en\/wp-json\/wp\/v2\/media?parent=943"}],"curies":[{"name":"wp","href":"https:\/\/api.w.org\/{rel}","templated":true}]}}