{"id":70,"date":"2016-06-17T13:46:22","date_gmt":"2016-06-17T11:46:22","guid":{"rendered":"https:\/\/www.um.sav.sk\/en\/?page_id=70"},"modified":"2020-05-15T14:37:44","modified_gmt":"2020-05-15T12:37:44","slug":"seminars","status":"publish","type":"page","link":"https:\/\/www.um.sav.sk\/en\/events\/seminars\/","title":{"rendered":"Seminars"},"content":{"rendered":"<h2>Upcoming seminars<\/h2>\n<p>Currently no seminars are being prepared<\/p>\n\n<hr \/>\n<h2>Seminars &#8211; archive<\/h2>\n<ul class=\"display-posts-listing\"><li class=\"listing-item\"><a class=\"title\" href=\"https:\/\/www.um.sav.sk\/en\/seminars_archive\/seminar-of-dr-jess-tate-from-the-university-of-utah\/\">Seminar of Dr. Jess Tate from the University of Utah<\/a> <span class=\"date\">5.6.2023<\/span> <span class=\"excerpt\">We invite you to the seminar of Dr. Jess Tate from the University of Utah, Salt Lake City, which will be held on Tuesday, June 6, 2023 at 10:00 a.m.&hellip; <a class=\"excerpt-more\" href=\"https:\/\/www.um.sav.sk\/en\/seminars_archive\/seminar-of-dr-jess-tate-from-the-university-of-utah\/\">Read more &gt;&gt;<\/a><\/span><\/li><li class=\"listing-item\"><a class=\"title\" href=\"https:\/\/www.um.sav.sk\/en\/seminars_archive\/invitation-to-the-seminar-bozidar-popovic-and-andjela-mijanovic-university-of-montenegro\/\">Invitation to the seminar &#8211; Bo\u017eidar Popovi\u0107 and Andjela Mijanovic (University of Montenegro)<\/a> <span class=\"date\">19.5.2023<\/span> <span class=\"excerpt\">We invite you to the seminar of the project APVV-21-0216 MATHMER - Advanced mathematical and statistical methods for measurement and metrology, which will be held on Tuesday, May 23, 2023&hellip; <a class=\"excerpt-more\" href=\"https:\/\/www.um.sav.sk\/en\/seminars_archive\/invitation-to-the-seminar-bozidar-popovic-and-andjela-mijanovic-university-of-montenegro\/\">Read more &gt;&gt;<\/a><\/span><\/li><li class=\"listing-item\"><a class=\"title\" href=\"https:\/\/www.um.sav.sk\/en\/seminars_archive\/fourth-workshop-smart-patch-for-life-support-systems\/\">Fourth Workshop SMART PATCH FOR LIFE SUPPORT SYSTEMS<\/a> <span class=\"date\">23.2.2023<\/span> <span class=\"excerpt\">The Institute of Measurement Science of the Slovak Academy of Sciences will be hosting the SMART PATCH FOR LIFE SUPPORT SYSTEMS (SP4LIFE) workshop from February 21, 2023 to February 24,&hellip; <a class=\"excerpt-more\" href=\"https:\/\/www.um.sav.sk\/en\/seminars_archive\/fourth-workshop-smart-patch-for-life-support-systems\/\">Read more &gt;&gt;<\/a><\/span><\/li><li class=\"listing-item\"><a class=\"title\" href=\"https:\/\/www.um.sav.sk\/en\/seminars_archive\/invitation-to-the-seminar-by-professor-lynn-roy-lamotte\/\">Invitation to the seminar by Professor Lynn Roy LaMotte<\/a> <span class=\"date\">28.11.2022<\/span> <span class=\"excerpt\">We invite you to the lecture entitled Inverse prediction from multivariate, heteroscedastic responses, which will be delivered by Professor Lynn Roy LaMotte (USA) on Thursday, 1 December 2022 at 10:00&hellip; <a class=\"excerpt-more\" href=\"https:\/\/www.um.sav.sk\/en\/seminars_archive\/invitation-to-the-seminar-by-professor-lynn-roy-lamotte\/\">Read more &gt;&gt;<\/a><\/span><\/li><li class=\"listing-item\"><a class=\"title\" href=\"https:\/\/www.um.sav.sk\/en\/seminars_archive\/development-of-a-platform-for-measuring-the-biological-response-of-weak-low-frequency-electromagnetic-fields\/\">Development of a platform for measuring the biological response of weak low-frequency electromagnetic fields<\/a> <span class=\"date\">21.4.2022<\/span> <span class=\"excerpt\">We invite you to a seminar, which will take place on Wednesday, April 27, 2022 at 10:00 in the meeting room of the Institute of Measurement of the Slovak Academy&hellip; <a class=\"excerpt-more\" href=\"https:\/\/www.um.sav.sk\/en\/seminars_archive\/development-of-a-platform-for-measuring-the-biological-response-of-weak-low-frequency-electromagnetic-fields\/\">Read more &gt;&gt;<\/a><\/span><\/li><li class=\"listing-item\"><a class=\"title\" href=\"https:\/\/www.um.sav.sk\/en\/seminars_archive\/electrocardiographic-imaging\/\">Electrocardiographic Imaging<\/a> <span class=\"date\">19.4.2022<\/span> <span class=\"excerpt\">We invite you to a seminar at which Assoc. Prof. Yesim Serinagaoglu Dogrusoz will present her work in the field of electrocardiographic imaging (ECGI). The seminar will take place on&hellip; <a class=\"excerpt-more\" href=\"https:\/\/www.um.sav.sk\/en\/seminars_archive\/electrocardiographic-imaging\/\">Read more &gt;&gt;<\/a><\/span><\/li><li class=\"listing-item\"><a class=\"title\" href=\"https:\/\/www.um.sav.sk\/en\/seminars_archive\/invitation-to-the-fifth-educational-seminar-focused-on-the-machine-learning-methods-on-line\/\">Invitation to the fifth educational seminar focused on the machine learning methods (on-line)<\/a> <span class=\"date\">15.11.2021<\/span> <span class=\"excerpt\">We invite you to the fifth educational seminar focused on the machine learning methods led by Mgr. Zuzana Ro\u0161\u0165\u00e1kov\u00e1, Ph.D. The seminar lecture will take place online on November 18,&hellip; <a class=\"excerpt-more\" href=\"https:\/\/www.um.sav.sk\/en\/seminars_archive\/invitation-to-the-fifth-educational-seminar-focused-on-the-machine-learning-methods-on-line\/\">Read more &gt;&gt;<\/a><\/span><\/li><li class=\"listing-item\"><a class=\"title\" href=\"https:\/\/www.um.sav.sk\/en\/seminars_archive\/practical-data-science-in-big-industry-why-it-is-not-what-people-think\/\">Practical data science in big industry- Why it is not what people think<\/a> <span class=\"date\">2.11.2021<\/span> <span class=\"excerpt\">We invite you to a seminar: Pawel Plaszczak Sopra Steria, M\u00fcnchen, Germany On Wednesday, November 3rd 2021, 02:00 PM We will take a tour of various practical aspects of industrial&hellip; <a class=\"excerpt-more\" href=\"https:\/\/www.um.sav.sk\/en\/seminars_archive\/practical-data-science-in-big-industry-why-it-is-not-what-people-think\/\">Read more &gt;&gt;<\/a><\/span><\/li><li class=\"listing-item\"><a class=\"title\" href=\"https:\/\/www.um.sav.sk\/en\/seminars_archive\/invitation-to-the-fourth-educational-seminar-focused-on-the-machine-learning-methods-2\/\">Invitation to the fourth educational seminar focused on the machine learning methods<\/a> <span class=\"date\">28.10.2021<\/span> <span class=\"excerpt\">We invite you to the fourth educational seminar focused on the machine learning methods led by Mgr. Zuzana Ro\u0161\u0165\u00e1kov\u00e1, Ph.D. The seminar lecture will take place on November 4, 2021&hellip; <a class=\"excerpt-more\" href=\"https:\/\/www.um.sav.sk\/en\/seminars_archive\/invitation-to-the-fourth-educational-seminar-focused-on-the-machine-learning-methods-2\/\">Read more &gt;&gt;<\/a><\/span><\/li><li class=\"listing-item\"><a class=\"title\" href=\"https:\/\/www.um.sav.sk\/en\/seminars_archive\/invitation-to-the-third-educational-seminar-focused-on-the-machine-learning-methods\/\">Invitation to the third educational seminar focused on the machine learning methods<\/a> <span class=\"date\">19.10.2021<\/span> <span class=\"excerpt\">We invite you to the third educational seminar focused on the machine learning methods led by Mgr. Zuzana Ro\u0161\u0165\u00e1kov\u00e1, Ph.D. The seminar lecture will take place on October 21, 2021&hellip; <a class=\"excerpt-more\" href=\"https:\/\/www.um.sav.sk\/en\/seminars_archive\/invitation-to-the-third-educational-seminar-focused-on-the-machine-learning-methods\/\">Read more &gt;&gt;<\/a><\/span><\/li><\/ul>\n","protected":false},"excerpt":{"rendered":"<p>Upcoming seminars Seminars &#8211; archive<\/p>\n","protected":false},"author":10,"featured_media":0,"parent":66,"menu_order":320,"comment_status":"closed","ping_status":"closed","template":"","meta":{"footnotes":"","_links_to":"","_links_to_target":""},"class_list":["post-70","page","type-page","status-publish","hentry"],"publishpress_future_action":{"enabled":false,"date":"2026-05-05 09:40:32","action":"change-status","newStatus":"draft","terms":[],"taxonomy":"","extraData":[]},"publishpress_future_workflow_manual_trigger":{"enabledWorkflows":[]},"_links":{"self":[{"href":"https:\/\/www.um.sav.sk\/en\/wp-json\/wp\/v2\/pages\/70","targetHints":{"allow":["GET"]}}],"collection":[{"href":"https:\/\/www.um.sav.sk\/en\/wp-json\/wp\/v2\/pages"}],"about":[{"href":"https:\/\/www.um.sav.sk\/en\/wp-json\/wp\/v2\/types\/page"}],"author":[{"embeddable":true,"href":"https:\/\/www.um.sav.sk\/en\/wp-json\/wp\/v2\/users\/10"}],"replies":[{"embeddable":true,"href":"https:\/\/www.um.sav.sk\/en\/wp-json\/wp\/v2\/comments?post=70"}],"version-history":[{"count":8,"href":"https:\/\/www.um.sav.sk\/en\/wp-json\/wp\/v2\/pages\/70\/revisions"}],"predecessor-version":[{"id":773,"href":"https:\/\/www.um.sav.sk\/en\/wp-json\/wp\/v2\/pages\/70\/revisions\/773"}],"up":[{"embeddable":true,"href":"https:\/\/www.um.sav.sk\/en\/wp-json\/wp\/v2\/pages\/66"}],"wp:attachment":[{"href":"https:\/\/www.um.sav.sk\/en\/wp-json\/wp\/v2\/media?parent=70"}],"curies":[{"name":"wp","href":"https:\/\/api.w.org\/{rel}","templated":true}]}}