{"id":68,"date":"2016-06-17T13:46:08","date_gmt":"2016-06-17T11:46:08","guid":{"rendered":"https:\/\/www.um.sav.sk\/en\/?page_id=68"},"modified":"2024-09-05T17:28:47","modified_gmt":"2024-09-05T15:28:47","slug":"news","status":"publish","type":"page","link":"https:\/\/www.um.sav.sk\/en\/events\/news\/","title":{"rendered":"News"},"content":{"rendered":"<h4 class=\"display-posts-date\">February 2026<\/h4><ul class=\"display-posts-listing\"><li class=\"listing-item\"><a class=\"title\" href=\"https:\/\/www.um.sav.sk\/en\/news\/4112\/\">Professor RNDr. Lubom\u00edr Kub\u00e1\u010dek, DrSc. Has Passed Away<\/a> <span class=\"date\">17.2.2026<\/span> <span class=\"excerpt\">On 16 February 2026, at the age of 95, Professor RNDr. Lubom\u00edr Kub\u00e1\u010dek, DrSc., passed away. He was the founder of the Slovak school of mathematical statistics, a long-time researcher&hellip; <a class=\"excerpt-more\" href=\"https:\/\/www.um.sav.sk\/en\/news\/4112\/\">Read more &gt;&gt;<\/a><\/span><\/li><li class=\"listing-item\"><a class=\"title\" href=\"https:\/\/www.um.sav.sk\/en\/news\/current-phd-dissertation-topics-2026-2027-study-programme-applied-mathematics-in-cooperation-with-fmfi-comenius-university\/\">Current PhD Dissertation Topics 2026\/2027 Study programme: Applied Mathematics (in cooperation with FMFI Comenius University)<\/a> <span class=\"date\">17.2.2026<\/span> <span class=\"excerpt\">Current PhD Dissertation Topics 2026\/2027 Study programme: Applied Mathematics (in cooperation with FMFI Comenius University) The Department of Theoretical Methods offers two research topics addressing current challenges in complex data&hellip; <a class=\"excerpt-more\" href=\"https:\/\/www.um.sav.sk\/en\/news\/current-phd-dissertation-topics-2026-2027-study-programme-applied-mathematics-in-cooperation-with-fmfi-comenius-university\/\">Read more &gt;&gt;<\/a><\/span><\/li><li class=\"listing-item\"><a class=\"title\" href=\"https:\/\/www.um.sav.sk\/en\/news\/robust-conference\/\">ROBUST Conference<\/a> <span class=\"date\">10.2.2026<\/span> <span class=\"excerpt\">From 18.1. to 23.1. 2026, our colleagues from the Department of Theoretical Methods (A. Hod\u00far, R. Rosipal, Z. Ro\u0161\u0165\u00e1kov\u00e1, V. Witkovsk\u00fd) participated in the ROBUST conference, the 24th Winter School&hellip; <a class=\"excerpt-more\" href=\"https:\/\/www.um.sav.sk\/en\/news\/robust-conference\/\">Read more &gt;&gt;<\/a><\/span><\/li><li class=\"listing-item\"><a class=\"title\" href=\"https:\/\/www.um.sav.sk\/en\/news\/guest-lecture-at-our-institute-from-mathematical-equations-to-patient-specific-cardiac-models\/\">Guest Lecture at Our Institute: From Mathematical Equations to Patient-Specific Cardiac Models<\/a> <span class=\"date\">4.2.2026<\/span> <span class=\"excerpt\">Within the Mobility Visit Programme of the Slovak Academy of Sciences, we had the opportunity to host Dr. Jorge S\u00e1nchez Arciniegas, who delivered a guest lecture entitled \u201cMathematical Modelling of&hellip; <a class=\"excerpt-more\" href=\"https:\/\/www.um.sav.sk\/en\/news\/guest-lecture-at-our-institute-from-mathematical-equations-to-patient-specific-cardiac-models\/\">Read more &gt;&gt;<\/a><\/span><\/li><\/ul><h4 class=\"display-posts-date\">January 2026<\/h4><ul class=\"display-posts-listing\"><li class=\"listing-item\"><a class=\"title\" href=\"https:\/\/www.um.sav.sk\/en\/news\/guest-lecture-by-dr-jorge-sanchez-arciniegas-expert-in-computer-modeling-of-the-heart\/\">Guest Lecture by Dr. Jorge S\u00e1nchez Arciniegas &#8211; Expert in Computer Modeling of the Heart<\/a> <span class=\"date\">21.1.2026<\/span> <span class=\"excerpt\">We invite you to a guest lecture by Dr. Jorge S\u00e1nchez Arciniegas - Expert in Computer Modeling of the Heart entitled Mathematical Modelling of Cardiac Electrophysiology: From Equations to Patient-Specific&hellip; <a class=\"excerpt-more\" href=\"https:\/\/www.um.sav.sk\/en\/news\/guest-lecture-by-dr-jorge-sanchez-arciniegas-expert-in-computer-modeling-of-the-heart\/\">Read more &gt;&gt;<\/a><\/span><\/li><\/ul><h4 class=\"display-posts-date\">December 2025<\/h4><ul class=\"display-posts-listing\"><li class=\"listing-item\"><a class=\"title\" href=\"https:\/\/www.um.sav.sk\/en\/news\/the-scientific-board-of-the-institute-of-the-measurement-science-sas-evaluated-the-most-significant-results-of-scientific-work\/\">The Scientific Board of the Institute of the Measurement Science SAS evaluated the most significant results of scientific work<\/a> <span class=\"date\">19.12.2025<\/span> <span class=\"excerpt\">At its final meeting in 2025, the Scientific Board of the Institute of Measurement of the Slovak Academy of Sciences evaluated the most significant results of scientific work. In the&hellip; <a class=\"excerpt-more\" href=\"https:\/\/www.um.sav.sk\/en\/news\/the-scientific-board-of-the-institute-of-the-measurement-science-sas-evaluated-the-most-significant-results-of-scientific-work\/\">Read more &gt;&gt;<\/a><\/span><\/li><li class=\"listing-item\"><a class=\"title\" href=\"https:\/\/www.um.sav.sk\/en\/news\/successful-defense-of-the-dissertation-of-our-doctoral-student-ing-hoang-vuviet\/\">Successful defense of the dissertation of our doctoral student Ing. Hoang VuViet<\/a> <span class=\"date\">12.12.2025<\/span> <span class=\"excerpt\">Congrats to our colleague Hoang Vu Viet on successfully defending his PhD! Hoang worked on \u201cDevelopment of a Methodology and Platform for the Measurement of Low-Frequency Magnetic Field Biological Effects\u201d&hellip; <a class=\"excerpt-more\" href=\"https:\/\/www.um.sav.sk\/en\/news\/successful-defense-of-the-dissertation-of-our-doctoral-student-ing-hoang-vuviet\/\">Read more &gt;&gt;<\/a><\/span><\/li><\/ul><h4 class=\"display-posts-date\">November 2025<\/h4><ul class=\"display-posts-listing\"><li class=\"listing-item\"><a class=\"title\" href=\"https:\/\/www.um.sav.sk\/en\/news\/a-contribution-to-a-new-book-published-by-elsevier-academic-press\/\">A contribution to a new book published by Elsevier \u2013 Academic Press<\/a> <span class=\"date\">20.11.2025<\/span> <span class=\"excerpt\">A contribution to a new book published by Elsevier \u2013 Academic Press! Colleagues from the Department of Biomeasurements contributed to the preparation of a new book that has just been&hellip; <a class=\"excerpt-more\" href=\"https:\/\/www.um.sav.sk\/en\/news\/a-contribution-to-a-new-book-published-by-elsevier-academic-press\/\">Read more &gt;&gt;<\/a><\/span><\/li><li class=\"listing-item\"><a class=\"title\" href=\"https:\/\/www.um.sav.sk\/en\/news\/the-kick-off-meeting-of-the-cost-action-project-anticipate-ca24144\/\">The kick-off meeting of the COST Action project ANTICIPATE (CA24144)<\/a> <span class=\"date\">4.11.2025<\/span> <span class=\"excerpt\">\u26c8\ufe0f Towards a Safer Europe: Advancing Multi-Hazard Forecasting and Early Warning Systems \u26c8\ufe0f On October 29, our PhD student Rado Ko\u0161ta participated in the kick-off meeting of the COST (The&hellip; <a class=\"excerpt-more\" href=\"https:\/\/www.um.sav.sk\/en\/news\/the-kick-off-meeting-of-the-cost-action-project-anticipate-ca24144\/\">Read more &gt;&gt;<\/a><\/span><\/li><\/ul><h4 class=\"display-posts-date\">October 2025<\/h4><ul class=\"display-posts-listing\"><li class=\"listing-item\"><a class=\"title\" href=\"https:\/\/www.um.sav.sk\/en\/news\/our-colleague-nina-evetovic-attended-the-ieee-smc-2025-conference-in-vienna-austria\/\">Our colleague, Nina Evetovic, attended the IEEE SMC 2025 Conference in Vienna, Austria<\/a> <span class=\"date\">15.10.2025<\/span> <span class=\"excerpt\">Nina Evetovi\u0107, a PhD researcher and member of the DONUT consortium, attended the IEEE SMC 2025 Conference in Vienna, Austria, where she presented her work titled \u201cAssessment of Mental Fatigue&hellip; <a class=\"excerpt-more\" href=\"https:\/\/www.um.sav.sk\/en\/news\/our-colleague-nina-evetovic-attended-the-ieee-smc-2025-conference-in-vienna-austria\/\">Read more &gt;&gt;<\/a><\/span><\/li><\/ul><nav class=\"display-posts-pagination\" role=\"navigation\"><h2 class=\"screen-reader-text\">Navigation<\/h2><div class=\"nav-links\"><span aria-current=\"page\" class=\"page-numbers current\">1<\/span>\n<a class=\"page-numbers\" href=\"https:\/\/www.um.sav.sk\/en\/wp-json\/wp\/v2\/pages\/68\/?dps_paged=2\">2<\/a>\n<a class=\"page-numbers\" href=\"https:\/\/www.um.sav.sk\/en\/wp-json\/wp\/v2\/pages\/68\/?dps_paged=3\">3<\/a>\n<span class=\"page-numbers dots\">&hellip;<\/span>\n<a class=\"page-numbers\" href=\"https:\/\/www.um.sav.sk\/en\/wp-json\/wp\/v2\/pages\/68\/?dps_paged=5\">5<\/a>\n<a class=\"next page-numbers\" href=\"https:\/\/www.um.sav.sk\/en\/wp-json\/wp\/v2\/pages\/68\/?dps_paged=2\">><\/a><\/div><\/nav>\n","protected":false},"excerpt":{"rendered":"","protected":false},"author":10,"featured_media":0,"parent":66,"menu_order":310,"comment_status":"closed","ping_status":"closed","template":"","meta":{"footnotes":"","_links_to":"","_links_to_target":""},"class_list":["post-68","page","type-page","status-publish","hentry"],"publishpress_future_action":{"enabled":false,"date":"2026-05-06 01:10:43","action":"change-status","newStatus":"draft","terms":[],"taxonomy":"","extraData":[]},"publishpress_future_workflow_manual_trigger":{"enabledWorkflows":[]},"_links":{"self":[{"href":"https:\/\/www.um.sav.sk\/en\/wp-json\/wp\/v2\/pages\/68","targetHints":{"allow":["GET"]}}],"collection":[{"href":"https:\/\/www.um.sav.sk\/en\/wp-json\/wp\/v2\/pages"}],"about":[{"href":"https:\/\/www.um.sav.sk\/en\/wp-json\/wp\/v2\/types\/page"}],"author":[{"embeddable":true,"href":"https:\/\/www.um.sav.sk\/en\/wp-json\/wp\/v2\/users\/10"}],"replies":[{"embeddable":true,"href":"https:\/\/www.um.sav.sk\/en\/wp-json\/wp\/v2\/comments?post=68"}],"version-history":[{"count":11,"href":"https:\/\/www.um.sav.sk\/en\/wp-json\/wp\/v2\/pages\/68\/revisions"}],"predecessor-version":[{"id":3620,"href":"https:\/\/www.um.sav.sk\/en\/wp-json\/wp\/v2\/pages\/68\/revisions\/3620"}],"up":[{"embeddable":true,"href":"https:\/\/www.um.sav.sk\/en\/wp-json\/wp\/v2\/pages\/66"}],"wp:attachment":[{"href":"https:\/\/www.um.sav.sk\/en\/wp-json\/wp\/v2\/media?parent=68"}],"curies":[{"name":"wp","href":"https:\/\/api.w.org\/{rel}","templated":true}]}}