{"id":52,"date":"2016-06-17T13:43:11","date_gmt":"2016-06-17T11:43:11","guid":{"rendered":"https:\/\/www.um.sav.sk\/en\/?page_id=52"},"modified":"2026-03-20T13:09:01","modified_gmt":"2026-03-20T12:09:01","slug":"structure","status":"publish","type":"page","link":"https:\/\/www.um.sav.sk\/en\/about-us\/structure\/","title":{"rendered":"Structure"},"content":{"rendered":"<p>&nbsp;<\/p>\n<p>&nbsp;<\/p>\n<h2>Institute of Measurement Science of the Slovak Academy of Sciences<\/h2>\n<table border=\"0\" width=\"100%\" cellspacing=\"0\" cellpadding=\"0\">\n<tbody>\n<tr>\n<td colspan=\"3\" align=\"left\" height=\"63\"><a href=\"https:\/\/www.um.sav.sk\/en\/staff\/basic-information\/?user_no=804&amp;publication_author_id=0000206\">Doc. RNDr. Viktor Witkovsk\u00fd, CSc.<\/a><br \/>\nDirector<\/td>\n<\/tr>\n<tr>\n<td align=\"left\" width=\"49%\" height=\"63\"><a href=\"https:\/\/www.um.sav.sk\/en\/staff\/basic-information\/?user_no=775&amp;publication_author_id=0000189\">Ing. J\u00e1n Ma\u0148ka, CSc.<\/a><br \/>\nDeputy Director<\/td>\n<td align=\"center\" width=\"2%\" height=\"63\"><\/td>\n<td align=\"left\" width=\"49\" height=\"63\"><a href=\"https:\/\/www.um.sav.sk\/en\/staff\/basic-information\/?user_no=802&amp;publication_author_id=0000202\">Doc. Ing. Milan Ty\u0161ler, CSc.<\/a><br \/>\nScientific Secretary<\/td>\n<\/tr>\n<tr>\n<td colspan=\"3\" height=\"20\"><\/td>\n<\/tr>\n<tr>\n<td align=\"left\" valign=\"top\" width=\"49%\"><b>Management Board<\/b><br \/>\n<a href=\"https:\/\/www.um.sav.sk\/pracovnici\/zakladne-informacie\/?user_no=804&amp;publication_author_id=0000206\">Doc. RNDr. Viktor Witkovsk\u00fd, CSc.<\/a>, President<br \/>\n<a href=\"https:\/\/www.um.sav.sk\/pracovnici\/zakladne-informacie\/?user_no=764\">Ing. M\u00e1ria Juskov\u00e1<\/a>,<br \/>\n<a href=\"https:\/\/www.um.sav.sk\/pracovnici\/zakladne-informacie\/?user_no=772&amp;publication_author_id=0000186\">RNDr. Anna Krakovsk\u00e1, CSc<\/a>,<br \/>\n<a href=\"https:\/\/www.um.sav.sk\/pracovnici\/zakladne-informacie\/?user_no=5023&amp;publication_author_id=0142593\">Mgr. Martin \u0160kr\u00e1tek, PhD.<\/a>,<br \/>\n<a href=\"https:\/\/www.um.sav.sk\/pracovnici\/zakladne-informacie\/?user_no=802&amp;publication_author_id=0000202\">Doc. Ing. Milan Ty\u0161ler, CSc.<\/a>, Vice-President<\/td>\n<td width=\"2%\"><\/td>\n<td align=\"left\" valign=\"top\" width=\"49%\"><b>Supervisory Board<\/b><br \/>\n<a href=\"https:\/\/www.sav.sk\/?lang=sk&amp;doc=user-org-user&amp;user_no=9226\">RNDr. Pavol Siman, PhD.<\/a> (President, member of the Presidium of SAS),<br \/>\n<a href=\"https:\/\/www.sav.sk\/?lang=en&amp;doc=user-org-user&amp;user_no=11415\" target=\"_blank\" rel=\"noopener\">Ing. Romana Jurkiewiczov\u00e1<\/a> (member),<br \/>\n<a href=\"http:\/\/www.ue.fei.stuba.sk\/index.php\/en\/staff\/36-dm\/54-bittera-en\" target=\"_blank\" rel=\"noopener\">Doc. Ing. Mikul\u00e1\u0161 Bittera, PhD.<\/a> (external member)<\/td>\n<\/tr>\n<tr>\n<td colspan=\"3\" height=\"20\"><\/td>\n<\/tr>\n<tr>\n<td align=\"left\" valign=\"top\" width=\"49%\"><b>Scientific Board<\/b><br \/>\nInternal Members:<br \/>\n<a href=\"https:\/\/www.um.sav.sk\/en\/staff\/basic-information\/?user_no=796&amp;publication_author_id=0000683\">Ing. Jana \u0160vehl\u00edkov\u00e1, PhD.<\/a>, President<br \/>\n<a href=\"https:\/\/www.um.sav.sk\/en\/staff\/basic-information\/?user_no=755&amp;publication_author_id=0000179\">RNDr. Miroslav Hain, PhD.<\/a><br \/>\n<a href=\"https:\/\/www.um.sav.sk\/en\/staff\/basic-information\/?user_no=3858&amp;publication_author_id=0098795\">Ing. Melinda Majerov\u00e1, PhD.<\/a>,<br \/>\n<a href=\"https:\/\/www.um.sav.sk\/en\/staff\/basic-information\/?user_no=8627\">Ing. Mgr. Roman Rosipal, DrSc.<\/a>,<br \/>\n<a href=\"https:\/\/www.um.sav.sk\/en\/staff\/basic-information\/?user_no=10079\">Mgr. Zuzana Ro\u0161\u0165\u00e1kov\u00e1, PhD.<\/a>,<br \/>\n<a href=\"https:\/\/www.um.sav.sk\/en\/staff\/basic-information\/?user_no=791&amp;publication_author_id=0000199\">Dr. Ing. Pavol Szomol\u00e1nyi<\/a>, Vice-President<\/td>\n<td width=\"2%\"><\/td>\n<td align=\"left\" valign=\"top\" width=\"49%\"><b><\/b><br \/>\nExternal Members:<br \/>\n<a href=\"https:\/\/is.stuba.sk\/lide\/clovek.pl?id=36537;interni_vzorek=36537;lang=en\">Prof. Ing. Stanislav \u010euri\u0161, PhD.<\/a><br \/>\nDoc. Ing. Jarom\u00edr Markovi\u010d, PhD.,<br \/>\n<a href=\"https:\/\/is.stuba.sk\/lide\/clovek.pl?id=2086;interni_vzorek=2086;lang=en\">Prof. Ing. Viktor Smie\u0161ko, PhD.<\/a><\/td>\n<\/tr>\n<tr>\n<td colspan=\"3\" align=\"left\" height=\"20\"><\/td>\n<\/tr>\n<tr>\n<td align=\"left\" valign=\"top\" width=\"49%\"><b>Research Section &#8211; Scientific Departments<\/b><\/td>\n<td width=\"2%\"><\/td>\n<td align=\"left\" valign=\"top\" width=\"49%\"><strong>The support and administrative units<\/strong><\/td>\n<\/tr>\n<tr>\n<td align=\"left\" valign=\"top\" width=\"49%\">\n<p style=\"margin-top: 6px;margin-bottom: 0\"><b><a href=\"https:\/\/www.um.sav.sk\/en\/departments\/research-focus\/?department=OP-EL\">Department of Optoelectronic Measuring Methods<\/a><\/b><br \/>\nHead: <a href=\"https:\/\/www.um.sav.sk\/en\/staff\/basic-information\/?user_no=755&amp;publication_author_id=0000179\">RNDr. Miroslav Hain, PhD.<\/a>,<br \/>\nDeputy: <a href=\"https:\/\/www.um.sav.sk\/en\/staff\/basic-information\/?user_no=759&amp;publication_author_id=0000180\">Ing. Vlado Jacko, PhD.<\/a><\/p>\n<\/td>\n<td width=\"2%\"><\/td>\n<td align=\"left\" valign=\"top\" width=\"49%\">\n<p style=\"margin-top: 6px;margin-bottom: 0\"><strong>Innovation and Instrument Technology Development Unit<\/strong><br \/>\nHead: <a href=\"https:\/\/www.um.sav.sk\/en\/staff\/basic-information\/?user_no=759&amp;publication_author_id=0000180\">Ing. Vlado Jacko, PhD.<\/a><\/p>\n<\/td>\n<\/tr>\n<tr>\n<td align=\"left\" valign=\"top\" width=\"49%\">\n<p style=\"margin-top: 6px;margin-bottom: 0\"><b><a href=\"https:\/\/www.um.sav.sk\/en\/departments\/research-focus\/?department=MAGN\">Department of Magnetometry<\/a><\/b><br \/>\nHead: <a href=\"https:\/\/www.um.sav.sk\/en\/staff\/basic-information\/?user_no=775&amp;publication_author_id=0000189\">Ing. J\u00e1n Ma\u0148ka, CSc.<\/a>,<br \/>\nDeputy: <a href=\"https:\/\/www.um.sav.sk\/en\/staff\/basic-information\/?user_no=5023&amp;publication_author_id=0142593\">Mgr. Martin \u0160kr\u00e1tek, PhD.<\/a><\/p>\n<\/td>\n<td width=\"2%\"><\/td>\n<td align=\"left\" valign=\"top\" width=\"49%\">\n<p style=\"margin-top: 6px;margin-bottom: 0\"><strong>Economics and Administration Unit<\/strong><br \/>\nHead: <a href=\"https:\/\/www.um.sav.sk\/en\/staff\/basic-information\/?user_no=764\">Ing. M\u00e1ria Juskov\u00e1<\/a><br \/>\nDeputy: <a href=\"https:\/\/www.um.sav.sk\/en\/staff\/basic-information\/?user_no=10024\">Ing. Margita Juhanesovi\u010dov\u00e1<\/a><\/p>\n<\/td>\n<\/tr>\n<tr>\n<td align=\"left\" valign=\"top\" width=\"49%\">\n<p style=\"margin-top: 6px;margin-bottom: 0\"><b><a href=\"https:\/\/www.um.sav.sk\/en\/departments\/research-focus\/?department=THEO\">Department of Theoretical Methods<\/a><\/b><br \/>\nHead: <a href=\"https:\/\/www.um.sav.sk\/en\/staff\/basic-information\/?user_no=772&amp;publication_author_id=0000186\">RNDr. Anna Krakovsk\u00e1, CSc<\/a>,<br \/>\nDeputy: <a href=\"https:\/\/www.um.sav.sk\/en\/staff\/basic-information\/?user_no=8627\">Ing. Mgr. Roman Rosipal, PhD.<\/a><\/p>\n<\/td>\n<td width=\"2%\"><\/td>\n<td align=\"left\" valign=\"top\" width=\"49%\">\u00a0<b>Editorial Office of\u00a0 the Measurement Science Review<\/b><br \/>\nEditor in Chief: <a href=\"https:\/\/www.um.sav.sk\/en\/staff\/basic-information\/?user_no=753&amp;publication_author_id=0000178\">Prof. Ing. Ivan Frollo, DrSc.<\/a><\/td>\n<\/tr>\n<tr>\n<td align=\"left\" valign=\"top\" width=\"49%\">\n<p style=\"margin-top: 6px;margin-bottom: 0\"><b><a href=\"https:\/\/www.um.sav.sk\/en\/departments\/research-focus\/?department=MRI\">Department of Imaging Methods<\/a><\/b><br \/>\nHead: <a href=\"https:\/\/www.um.sav.sk\/en\/staff\/basic-information\/?user_no=791&amp;publication_author_id=0000199\">Dr. Ing. Pavol Szomol\u00e1nyi<\/a>,<br \/>\nDeputy: <a href=\"https:\/\/www.um.sav.sk\/en\/staff\/basic-information\/?user_no=7900&amp;publication_author_id=0168130\">Ing. Daniel Gogola, PhD.<\/a><\/p>\n<\/td>\n<td width=\"2%\"><\/td>\n<td align=\"left\" valign=\"top\" width=\"49%\">\n<p style=\"margin-top: 6px;margin-bottom: 0\"><b>Library<\/b><br \/>\n<a href=\"https:\/\/www.um.sav.sk\/en\/staff\/basic-information\/?user_no=770\">Katar\u00edna Koz\u00e1kov\u00e1<\/a><\/p>\n<\/td>\n<\/tr>\n<tr>\n<td align=\"left\" valign=\"top\" width=\"49%\">\n<p style=\"margin-top: 6px;margin-bottom: 0\"><b><a href=\"https:\/\/www.um.sav.sk\/en\/departments\/research-focus\/?department=BIOM\">Department of Biomeasurements<\/a><\/b><br \/>\nHead: <a href=\"https:\/\/www.um.sav.sk\/en\/staff\/basic-information\/?user_no=802&amp;publication_author_id=0000202\">Doc. Ing. Milan Ty\u0161ler, CSc.<\/a>,<br \/>\nDeputy: <a href=\"https:\/\/www.um.sav.sk\/en\/staff\/basic-information\/?user_no=796&amp;publication_author_id=0000683\">Ing. Jana \u0160vehl\u00edkov\u00e1, PhD.<\/a><\/p>\n<\/td>\n<td width=\"2%\"><\/td>\n<td align=\"left\" valign=\"top\" width=\"49%\">\n<p style=\"margin-top: 6px;margin-bottom: 0\"><strong>Secretariat of the Director<\/strong><br \/>\n<a href=\"https:\/\/www.um.sav.sk\/en\/staff\/basic-information\/?user_no=5622\">Eva Guri\u0161ov\u00e1<\/a><\/p>\n<\/td>\n<\/tr>\n<tr>\n<td colspan=\"3\" align=\"center\">\n<h3 style=\"margin-top: 12px;margin-bottom: 0\"><a href=\"https:\/\/www.um.sav.sk\/en\/wp-content\/uploads\/sites\/2\/UMSAV_Chart_vvi.jpg\" rel=\"lightbox[52]\">Organization Chart of the Institute of Measurement Science SAS<\/a><\/h3>\n<\/td>\n<\/tr>\n<\/tbody>\n<\/table>\n","protected":false},"excerpt":{"rendered":"<p>&nbsp; &nbsp; Institute of Measurement Science of the Slovak Academy of Sciences Doc. RNDr. Viktor Witkovsk\u00fd, CSc. Director Ing. J\u00e1n Ma\u0148ka, CSc. Deputy Director Doc&#8230;.<\/p>\n","protected":false},"author":10,"featured_media":0,"parent":9,"menu_order":230,"comment_status":"closed","ping_status":"closed","template":"","meta":{"footnotes":"","_links_to":"","_links_to_target":""},"class_list":["post-52","page","type-page","status-publish","hentry"],"publishpress_future_action":{"enabled":false,"date":"2026-04-17 04:12:25","action":"change-status","newStatus":"draft","terms":[],"taxonomy":"","extraData":[]},"publishpress_future_workflow_manual_trigger":{"enabledWorkflows":[]},"_links":{"self":[{"href":"https:\/\/www.um.sav.sk\/en\/wp-json\/wp\/v2\/pages\/52","targetHints":{"allow":["GET"]}}],"collection":[{"href":"https:\/\/www.um.sav.sk\/en\/wp-json\/wp\/v2\/pages"}],"about":[{"href":"https:\/\/www.um.sav.sk\/en\/wp-json\/wp\/v2\/types\/page"}],"author":[{"embeddable":true,"href":"https:\/\/www.um.sav.sk\/en\/wp-json\/wp\/v2\/users\/10"}],"replies":[{"embeddable":true,"href":"https:\/\/www.um.sav.sk\/en\/wp-json\/wp\/v2\/comments?post=52"}],"version-history":[{"count":57,"href":"https:\/\/www.um.sav.sk\/en\/wp-json\/wp\/v2\/pages\/52\/revisions"}],"predecessor-version":[{"id":4134,"href":"https:\/\/www.um.sav.sk\/en\/wp-json\/wp\/v2\/pages\/52\/revisions\/4134"}],"up":[{"embeddable":true,"href":"https:\/\/www.um.sav.sk\/en\/wp-json\/wp\/v2\/pages\/9"}],"wp:attachment":[{"href":"https:\/\/www.um.sav.sk\/en\/wp-json\/wp\/v2\/media?parent=52"}],"curies":[{"name":"wp","href":"https:\/\/api.w.org\/{rel}","templated":true}]}}