{"id":3885,"date":"2025-08-04T11:31:41","date_gmt":"2025-08-04T09:31:41","guid":{"rendered":"https:\/\/www.um.sav.sk\/en\/?page_id=3885"},"modified":"2025-08-04T11:31:41","modified_gmt":"2025-08-04T09:31:41","slug":"news-summary","status":"publish","type":"page","link":"https:\/\/www.um.sav.sk\/en\/events\/news-summary\/","title":{"rendered":"News Summary"},"content":{"rendered":"<h2>Highlighted News:<\/h2>\n<ul class=\"display-posts-listing\"><li class=\"listing-item\"><a class=\"title\" href=\"https:\/\/www.um.sav.sk\/en\/news\/4112\/\">Professor RNDr. Lubom\u00edr Kub\u00e1\u010dek, DrSc. Has Passed Away<\/a><\/li><li class=\"listing-item\"><a class=\"title\" href=\"https:\/\/www.um.sav.sk\/en\/news\/current-phd-dissertation-topics-2026-2027-study-programme-applied-mathematics-in-cooperation-with-fmfi-comenius-university\/\">Current PhD Dissertation Topics 2026\/2027 Study programme: Applied Mathematics (in cooperation with FMFI Comenius University)<\/a><\/li><li class=\"listing-item\"><a class=\"title\" href=\"https:\/\/www.um.sav.sk\/en\/news\/robust-conference\/\">ROBUST Conference<\/a><\/li><li class=\"listing-item\"><a class=\"title\" href=\"https:\/\/www.um.sav.sk\/en\/news\/guest-lecture-at-our-institute-from-mathematical-equations-to-patient-specific-cardiac-models\/\">Guest Lecture at Our Institute: From Mathematical Equations to Patient-Specific Cardiac Models<\/a><\/li><li class=\"listing-item\"><a class=\"title\" href=\"https:\/\/www.um.sav.sk\/en\/news\/guest-lecture-by-dr-jorge-sanchez-arciniegas-expert-in-computer-modeling-of-the-heart\/\">Guest Lecture by Dr. Jorge S\u00e1nchez Arciniegas &#8211; Expert in Computer Modeling of the Heart<\/a><\/li><li class=\"listing-item\"><a class=\"title\" href=\"https:\/\/www.um.sav.sk\/en\/news\/the-scientific-board-of-the-institute-of-the-measurement-science-sas-evaluated-the-most-significant-results-of-scientific-work\/\">The Scientific Board of the Institute of the Measurement Science SAS evaluated the most significant results of scientific work<\/a><\/li><li class=\"listing-item\"><a class=\"title\" href=\"https:\/\/www.um.sav.sk\/en\/news\/successful-defense-of-the-dissertation-of-our-doctoral-student-ing-hoang-vuviet\/\">Successful defense of the dissertation of our doctoral student Ing. Hoang VuViet<\/a><\/li><li class=\"listing-item\"><a class=\"title\" href=\"https:\/\/www.um.sav.sk\/en\/news\/a-contribution-to-a-new-book-published-by-elsevier-academic-press\/\">A contribution to a new book published by Elsevier \u2013 Academic Press<\/a><\/li><li class=\"listing-item\"><a class=\"title\" href=\"https:\/\/www.um.sav.sk\/en\/news\/the-kick-off-meeting-of-the-cost-action-project-anticipate-ca24144\/\">The kick-off meeting of the COST Action project ANTICIPATE (CA24144)<\/a><\/li><li class=\"listing-item\"><a class=\"title\" href=\"https:\/\/www.um.sav.sk\/en\/news\/our-colleague-nina-evetovic-attended-the-ieee-smc-2025-conference-in-vienna-austria\/\">Our colleague, Nina Evetovic, attended the IEEE SMC 2025 Conference in Vienna, Austria<\/a><\/li><\/ul>\n<hr \/>\n<h2>News:<\/h2>\n<ul class=\"display-posts-listing\"><li class=\"listing-item\"><a class=\"title\" href=\"https:\/\/www.um.sav.sk\/en\/news\/4112\/\">Professor RNDr. Lubom\u00edr Kub\u00e1\u010dek, DrSc. Has Passed Away<\/a><\/li><li class=\"listing-item\"><a class=\"title\" href=\"https:\/\/www.um.sav.sk\/en\/news\/current-phd-dissertation-topics-2026-2027-study-programme-applied-mathematics-in-cooperation-with-fmfi-comenius-university\/\">Current PhD Dissertation Topics 2026\/2027 Study programme: Applied Mathematics (in cooperation with FMFI Comenius University)<\/a><\/li><li class=\"listing-item\"><a class=\"title\" href=\"https:\/\/www.um.sav.sk\/en\/news\/robust-conference\/\">ROBUST Conference<\/a><\/li><\/ul>\n<p>&nbsp;<\/p>\n<h6><a href=\"https:\/\/www.um.sav.sk\/en\/events\/news\/\">All news &gt;&gt;<\/a><\/h6>\n<hr \/>\n<h2>Upcoming seminars:<\/h2>\n<p>Currently no seminars are being prepared.<\/p>\n\n<p>&nbsp;<\/p>\n<h6><a href=\"https:\/\/www.um.sav.sk\/en\/events\/seminars\/\">All seminars &gt;&gt;<\/a><\/h6>\n<hr \/>\n<h2>Upcoming and running conferences:<\/h2>\n<p>Currently no conferences are being prepared.<\/p>\n\n<p>&nbsp;<\/p>\n<h6><a href=\"https:\/\/www.um.sav.sk\/en\/events\/conferences\/\">All conferences &gt;&gt;<\/a><\/h6>\n","protected":false},"excerpt":{"rendered":"<p>Highlighted News: News: &nbsp; All news &gt;&gt; Upcoming seminars: &nbsp; All seminars &gt;&gt; Upcoming and running conferences: &nbsp; All conferences &gt;&gt;<\/p>\n","protected":false},"author":1,"featured_media":0,"parent":66,"menu_order":305,"comment_status":"closed","ping_status":"closed","template":"","meta":{"footnotes":"","_links_to":"","_links_to_target":""},"class_list":["post-3885","page","type-page","status-publish","hentry"],"publishpress_future_action":{"enabled":false,"date":"2026-04-22 12:34:22","action":"change-status","newStatus":"draft","terms":[],"taxonomy":"","extraData":[]},"publishpress_future_workflow_manual_trigger":{"enabledWorkflows":[]},"_links":{"self":[{"href":"https:\/\/www.um.sav.sk\/en\/wp-json\/wp\/v2\/pages\/3885","targetHints":{"allow":["GET"]}}],"collection":[{"href":"https:\/\/www.um.sav.sk\/en\/wp-json\/wp\/v2\/pages"}],"about":[{"href":"https:\/\/www.um.sav.sk\/en\/wp-json\/wp\/v2\/types\/page"}],"author":[{"embeddable":true,"href":"https:\/\/www.um.sav.sk\/en\/wp-json\/wp\/v2\/users\/1"}],"replies":[{"embeddable":true,"href":"https:\/\/www.um.sav.sk\/en\/wp-json\/wp\/v2\/comments?post=3885"}],"version-history":[{"count":1,"href":"https:\/\/www.um.sav.sk\/en\/wp-json\/wp\/v2\/pages\/3885\/revisions"}],"predecessor-version":[{"id":3886,"href":"https:\/\/www.um.sav.sk\/en\/wp-json\/wp\/v2\/pages\/3885\/revisions\/3886"}],"up":[{"embeddable":true,"href":"https:\/\/www.um.sav.sk\/en\/wp-json\/wp\/v2\/pages\/66"}],"wp:attachment":[{"href":"https:\/\/www.um.sav.sk\/en\/wp-json\/wp\/v2\/media?parent=3885"}],"curies":[{"name":"wp","href":"https:\/\/api.w.org\/{rel}","templated":true}]}}