{"id":187,"date":"2016-06-27T09:23:40","date_gmt":"2016-06-27T07:23:40","guid":{"rendered":"https:\/\/www.um.sav.sk\/en\/?page_id=187"},"modified":"2020-06-08T10:11:36","modified_gmt":"2020-06-08T08:11:36","slug":"basic-information","status":"publish","type":"page","link":"https:\/\/www.um.sav.sk\/en\/staff\/basic-information\/","title":{"rendered":"Basic Information"},"content":{"rendered":"<table class='list'>\n<tr class='list_header'>\n<td>Name \/ Position<\/td>\n<td>E-mail<\/td>\n<td>Phone<\/td>\n<\/tr>\n<tr>\n<td width='50%'><a class='bold' href='\/en\/staff\/basic-info\/?user_no=13998'>Bag\u00edn, Richard Ing.<\/a><br \/><span>research and development worker<\/span><\/td>\n<td width='30%'><a href='mailto:umerbagi@savba.sk'>umerbagi@savba.sk<\/a><\/td>\n<td width='20%'>+421 2 591045 54<\/td>\n<\/tr>\n<tr>\n<td width='50%'><a class='bold' href='\/en\/staff\/basic-info\/?user_no=858'>Bajla, Ivan Prof. RNDr. Ing., PhD.<\/a><br \/><span>senior scientist<\/span><\/td>\n<td width='30%'><a href='mailto:icko.bajla@gmail.com'>icko.bajla@gmail.com<\/a><\/td>\n<td width='20%'>+421 2 591045 39<\/td>\n<\/tr>\n<tr>\n<td width='50%'><a class='bold' href='\/en\/staff\/basic-info\/?user_no=14501'>Bhatnagar, Mansi Ing.<\/a><br \/><span>research and development worker<\/span><\/td>\n<td width='30%'><a href='mailto:umermans@savba.sk'>umermans@savba.sk<\/a><\/td>\n<td width='20%'>+421 2 591045 33<\/td>\n<\/tr>\n<tr>\n<td width='50%'><a class='bold' href='\/en\/staff\/basic-info\/?user_no=8554'>Bukor, Gabriel Ing.<\/a><br \/><span>research and development worker<\/span><\/td>\n<td width='30%'><a href='mailto:umerbuko@savba.sk'>umerbuko@savba.sk<\/a><\/td>\n<td width='20%'>+421 2 591045 51<\/td>\n<\/tr>\n<tr>\n<td width='50%'><a class='bold' href='\/en\/staff\/basic-info\/?user_no=865&#038;publication_author_id=0000176'>Cig\u00e1\u0148, Alexander RNDr., CSc.<\/a><br \/><span>independent researcher &#8211; scientific worker IIa<\/span><\/td>\n<td width='30%'><a href='mailto:umerciga@savba.sk'>umerciga@savba.sk<\/a><\/td>\n<td width='20%'>+421 2 591045 21<\/td>\n<\/tr>\n<tr>\n<td width='50%'><a class='bold' href='\/en\/staff\/basic-info\/?user_no=14704'>Cz\u00e1n, Tom\u00e1\u0161 Ing.<\/a><br \/><span>research and development worker &#8211; PhD student<\/span><\/td>\n<td width='30%'><a href='mailto:umerczan@savba.sk'>umerczan@savba.sk<\/a><\/td>\n<td width='20%'>+421 2 591045 19<\/td>\n<\/tr>\n<tr>\n<td width='50%'><a class='bold' href='\/en\/staff\/basic-info\/?user_no=14602'>Dani\u0161ov\u00e1, Veronika <\/a><br \/><span>other staff<\/span><\/td>\n<td width='30%'><a href='mailto:'><\/a><\/td>\n<td width='20%'><\/td>\n<\/tr>\n<tr>\n<td width='50%'><a class='bold' href='\/en\/staff\/basic-info\/?user_no=4710&#038;publication_author_id=0100439'>Dermek, Tom\u00e1\u0161 Ing.<\/a><br \/><span>research and development worker<\/span><\/td>\n<td width='30%'><a href='mailto:umerderm@savba.sk'>umerderm@savba.sk<\/a><\/td>\n<td width='20%'>+421 2 591045 47<\/td>\n<\/tr>\n<tr>\n<td width='50%'><a class='bold' href='\/en\/staff\/basic-info\/?user_no=7358&#038;publication_author_id=0163151'>Dvure\u010denskij, Andrej Ing., PhD.<\/a><br \/><span>independent researcher &#8211; scientific worker IIa<\/span><\/td>\n<td width='30%'><a href='mailto:andrej.dvurecenskij@savba.sk'>andrej.dvurecenskij@savba.sk<\/a><\/td>\n<td width='20%'>+421 2 591045 23<\/td>\n<\/tr>\n<tr>\n<td width='50%'><a class='bold' href='\/en\/staff\/basic-info\/?user_no=14138'>Evetovi\u0107, Nina Mgr.<\/a><br \/><span>research and development worker<\/span><\/td>\n<td width='30%'><a href='mailto:nina.evetovic@savba.sk'>nina.evetovic@savba.sk<\/a><\/td>\n<td width='20%'>+421 2 591045 33<\/td>\n<\/tr>\n<tr>\n<td width='50%'><a class='bold' href='\/en\/staff\/basic-info\/?user_no=753&#038;publication_author_id=0000178'>Frollo, Ivan Prof. Ing., DrSc.<\/a><br \/><span>External Member of the Scientific Board<\/span><\/td>\n<td width='30%'><a href='mailto:umerollo@savba.sk'>umerollo@savba.sk<\/a><\/td>\n<td width='20%'>02\/ 591045  ext. 40, 48, 49<\/td>\n<\/tr>\n<tr>\n<td width='50%'><a class='bold' href='\/en\/staff\/basic-info\/?user_no=7900&#038;publication_author_id=0168130'>Gogola, Daniel Ing., PhD.<\/a><br \/><span>Deputy Head of the Department of Imaging Methods, researcher &#8211; scientific worker IIa<\/span><\/td>\n<td width='30%'><a href='mailto:daniel.gogola@gmail.com'>daniel.gogola@gmail.com<\/a><\/td>\n<td width='20%'>+421 2 591045 42<\/td>\n<\/tr>\n<tr>\n<td width='50%'><a class='bold' href='\/en\/staff\/basic-info\/?user_no=717&#038;publication_author_id=0003153'>Grend\u00e1r, Mari\u00e1n Doc. Mgr., PhD.<\/a><br \/><span>independent researcher &#8211; scientific worker IIa<\/span><\/td>\n<td width='30%'><a href='mailto:umergren@savba.sk'>umergren@savba.sk<\/a><\/td>\n<td width='20%'>+421 2 591045 31<\/td>\n<\/tr>\n<tr>\n<td width='50%'><a class='bold' href='\/en\/staff\/basic-info\/?user_no=5622'>Guri\u0161ov\u00e1, Eva <\/a><br \/><span>Secretary of Director, doctoral study officer<\/span><\/td>\n<td width='30%'><a href='mailto:umersekr@savba.sk'>umersekr@savba.sk<\/a><\/td>\n<td width='20%'>02\/ 591045 ext. 11, 91<\/td>\n<\/tr>\n<tr>\n<td width='50%'><a class='bold' href='\/en\/staff\/basic-info\/?user_no=754'>G\u00fcrth, Manfr\u00e9d <\/a><br \/><span>professional worker<\/span><\/td>\n<td width='30%'><a href='mailto:umergurt@savba.sk'>umergurt@savba.sk<\/a><\/td>\n<td width='20%'>+421 2 591045 73<\/td>\n<\/tr>\n<tr>\n<td width='50%'><a class='bold' href='\/en\/staff\/basic-info\/?user_no=755&#038;publication_author_id=0000179'>Hain, Miroslav RNDr., PhD.<\/a><br \/><span>Head of the Department of Optoelectronic Measuring Methods, Member of the Scientific Board<\/span><\/td>\n<td width='30%'><a href='mailto:umerhain@savba.sk'>umerhain@savba.sk<\/a><\/td>\n<td width='20%'>02\/ 591045  ext. 10, 18, 12<\/td>\n<\/tr>\n<tr>\n<td width='50%'><a class='bold' href='\/en\/staff\/basic-info\/?user_no=14698'>Hod\u00far, Adri\u00e1n Mgr.<\/a><br \/><span>research and development worker &#8211; PhD student<\/span><\/td>\n<td width='30%'><a href='mailto:umeradho@savba.sk'>umeradho@savba.sk<\/a><\/td>\n<td width='20%'>+421 2 591045 33<\/td>\n<\/tr>\n<tr>\n<td width='50%'><a class='bold' href='\/en\/staff\/basic-info\/?user_no=6623&#038;publication_author_id=0153254'>Chvostekov\u00e1, Martina Mgr., PhD.<\/a><br \/><span>researcher &#8211; scientific worker IIa<\/span><\/td>\n<td width='30%'><a href='mailto:martina.chvostekova@savba.sk'>martina.chvostekova@savba.sk<\/a><\/td>\n<td width='20%'>+421 2 591045 38<\/td>\n<\/tr>\n<tr>\n<td width='50%'><a class='bold' href='\/en\/staff\/basic-info\/?user_no=759&#038;publication_author_id=0000180'>Jacko, Vlado Ing., PhD.<\/a><br \/><span>Deputy Head of the Department of Optoelectronic Measuring Methods, Head of the Department of Instrumentation Development and Innovation<\/span><\/td>\n<td width='30%'><a href='mailto:umerjack@savba.sk'>umerjack@savba.sk<\/a><\/td>\n<td width='20%'>02\/ 591045  ext. 16, 70<\/td>\n<\/tr>\n<tr>\n<td width='50%'><a class='bold' href='\/en\/staff\/basic-info\/?user_no=9484'>Jakub\u00edk, Jozef Mgr., PhD.<\/a><br \/><span>researcher &#8211; scientific worker IIa<\/span><\/td>\n<td width='30%'><a href='mailto:jozef.jakubik@savba.sk'>jozef.jakubik@savba.sk<\/a><\/td>\n<td width='20%'>+421 2 591045 39<\/td>\n<\/tr>\n<tr>\n<td width='50%'><a class='bold' href='\/en\/staff\/basic-info\/?user_no=10024'>Juhanesovi\u010dov\u00e1, Margita Ing.<\/a><br \/><span>Deputy of the Economical and Administration Department<\/span><\/td>\n<td width='30%'><a href='mailto:umerjuha@savba.sk'>umerjuha@savba.sk<\/a><\/td>\n<td width='20%'>+421 2 591045 83<\/td>\n<\/tr>\n<tr>\n<td width='50%'><a class='bold' href='\/en\/staff\/basic-info\/?user_no=764'>Juskov\u00e1, M\u00e1ria Ing.<\/a><br \/><span>Head of the Economical and Administration Department<\/span><\/td>\n<td width='30%'><a href='mailto:umerjusk@savba.sk'>umerjusk@savba.sk<\/a><\/td>\n<td width='20%'>+421 2 591045 80<\/td>\n<\/tr>\n<tr>\n<td width='50%'><a class='bold' href='\/en\/staff\/basic-info\/?user_no=13062'>Klembara, Jozef Prof., RNDr., DrSc.<\/a><br \/><span><\/span><\/td>\n<td width='30%'><a href='mailto:umerklem@savba.sk'>umerklem@savba.sk<\/a><\/td>\n<td width='20%'><\/td>\n<\/tr>\n<tr>\n<td width='50%'><a class='bold' href='\/en\/staff\/basic-info\/?user_no=14137'>Klepochov\u00e1, Radka Mgr., PhD.<\/a><br \/><span>researcher &#8211; scientific worker IIa<\/span><\/td>\n<td width='30%'><a href='mailto:umerklep@savba.sk'>umerklep@savba.sk<\/a><\/td>\n<td width='20%'>+421 2 591045 41<\/td>\n<\/tr>\n<tr>\n<td width='50%'><a class='bold' href='\/en\/staff\/basic-info\/?user_no=14897'>Koll\u00e1rov\u00e1, Paul\u00edna Mgr.<\/a><br \/><span>research and development worker<\/span><\/td>\n<td width='30%'><a href='mailto:umerkoll@savba.sk'>umerkoll@savba.sk<\/a><\/td>\n<td width='20%'>+421 2 591045 51<\/td>\n<\/tr>\n<tr>\n<td width='50%'><a class='bold' href='\/en\/staff\/basic-info\/?user_no=14699'>Ko\u0161ta, Radoslav Ing.<\/a><br \/><span>research and development worker &#8211; PhD student<\/span><\/td>\n<td width='30%'><a href='mailto:umerkost@savba.sk'>umerkost@savba.sk<\/a><\/td>\n<td width='20%'>+421 2 591045 31<\/td>\n<\/tr>\n<tr>\n<td width='50%'><a class='bold' href='\/en\/staff\/basic-info\/?user_no=771&#038;publication_author_id=0099980'>Kova\u010di\u010d, \u0160tefan <\/a><br \/><span>professional worker<\/span><\/td>\n<td width='30%'><a href='mailto:umerkova@savba.sk'>umerkova@savba.sk<\/a><\/td>\n<td width='20%'>+421 2 591045 47<\/td>\n<\/tr>\n<tr>\n<td width='50%'><a class='bold' href='\/en\/staff\/basic-info\/?user_no=770'>Koz\u00e1kov\u00e1, Katar\u00edna <\/a><br \/><span>Head of the Library<\/span><\/td>\n<td width='30%'><a href='mailto:umerzis@savba.sk'>umerzis@savba.sk<\/a><\/td>\n<td width='20%'>+421 2 591045 92<\/td>\n<\/tr>\n<tr>\n<td width='50%'><a class='bold' href='\/en\/staff\/basic-info\/?user_no=9054'>Kraf\u010d\u00edk, Andrej RNDr., PhD.<\/a><br \/><span>independent researcher &#8211; scientific worker IIa<\/span><\/td>\n<td width='30%'><a href='mailto:umerkraf@savba.sk'>umerkraf@savba.sk<\/a><\/td>\n<td width='20%'>+421 2 591045 46<\/td>\n<\/tr>\n<tr>\n<td width='50%'><a class='bold' href='\/en\/staff\/basic-info\/?user_no=772&#038;publication_author_id=0000186'>Krakovsk\u00e1, Anna RNDr., CSc.<\/a><br \/><span>Head of the Department of Theoretical Methods<\/span><\/td>\n<td width='30%'><a href='mailto:krakovska@savba.sk'>krakovska@savba.sk<\/a><\/td>\n<td width='20%'>+421 2 591045 36<\/td>\n<\/tr>\n<tr>\n<td width='50%'><a class='bold' href='\/en\/staff\/basic-info\/?user_no=14494'>Krakovsk\u00e1, Hana MSc.<\/a><br \/><span>research and development worker<\/span><\/td>\n<td width='30%'><a href='mailto:umerhakr@savba.sk'>umerhakr@savba.sk<\/a><\/td>\n<td width='20%'>+421 2 591045 31<\/td>\n<\/tr>\n<tr>\n<td width='50%'><a class='bold' href='\/en\/staff\/basic-info\/?user_no=8638'>Kr\u00e1lov\u00e1, So\u0148a <\/a><br \/><span>other staff<\/span><\/td>\n<td width='30%'><a href='mailto:'><\/a><\/td>\n<td width='20%'>+421 2 591045 99<\/td>\n<\/tr>\n<tr>\n<td width='50%'><a class='bold' href='\/en\/staff\/basic-info\/?user_no=774'>Kuli\u0161ov, Andrej <\/a><br \/><span>professional worker<\/span><\/td>\n<td width='30%'><a href='mailto:umerkuli@savba.sk'>umerkuli@savba.sk<\/a><\/td>\n<td width='20%'>+421 2 591045 71<\/td>\n<\/tr>\n<tr>\n<td width='50%'><a class='bold' href='\/en\/staff\/basic-info\/?user_no=12239'>Kuruczov\u00e1, Joana <\/a><br \/><span>other staff<\/span><\/td>\n<td width='30%'><a href='mailto:'><\/a><\/td>\n<td width='20%'><\/td>\n<\/tr>\n<tr>\n<td width='50%'><a class='bold' href='\/en\/staff\/basic-info\/?user_no=3858&#038;publication_author_id=0098795'>Majerov\u00e1, Melinda Ing., PhD.<\/a><br \/><span>researcher &#8211; scientific worker IIa<\/span><\/td>\n<td width='30%'><a href='mailto:umermmaj@savba.sk'>umermmaj@savba.sk<\/a><\/td>\n<td width='20%'>02\/ 591045 ext. 22, 26<\/td>\n<\/tr>\n<tr>\n<td width='50%'><a class='bold' href='\/en\/staff\/basic-info\/?user_no=14717'>Makov\u00e1, Marianna Ing., PhD.<\/a><br \/><span>researcher &#8211; scientific worker IIb<\/span><\/td>\n<td width='30%'><a href='mailto:umermari@savba.sk'>umermari@savba.sk<\/a><\/td>\n<td width='20%'>+421 2 591045 41<\/td>\n<\/tr>\n<tr>\n<td width='50%'><a class='bold' href='\/en\/staff\/basic-info\/?user_no=775&#038;publication_author_id=0000189'>Ma\u0148ka, J\u00e1n Ing., CSc.<\/a><br \/><span>Deputy Director, Head of the Department of Magnetometry<\/span><\/td>\n<td width='30%'><a href='mailto:jan.manka@savba.sk'>jan.manka@savba.sk<\/a><\/td>\n<td width='20%'>+421 2 591045  ext. 20<\/td>\n<\/tr>\n<tr>\n<td width='50%'><a class='bold' href='\/en\/staff\/basic-info\/?user_no=14603'>Ma\u0161ek, Du\u0161an Ing.<\/a><br \/><span>research and development worker &#8211; PhD student<\/span><\/td>\n<td width='30%'><a href='mailto:umerduma@savba.sk'>umerduma@savba.sk<\/a><\/td>\n<td width='20%'>+421 2 591045 42<\/td>\n<\/tr>\n<tr>\n<td width='50%'><a class='bold' href='\/en\/staff\/basic-info\/?user_no=4528&#038;publication_author_id=0166750'>Mezeiov\u00e1, Krist\u00edna Mgr., PhD.<\/a><br \/><span>researcher &#8211; scientific worker IIb<\/span><\/td>\n<td width='30%'><a href='mailto:umersusm@savba.sk'>umersusm@savba.sk<\/a><\/td>\n<td width='20%'>+421 2 591045 36<\/td>\n<\/tr>\n<tr>\n<td width='50%'><a class='bold' href='\/en\/staff\/basic-info\/?user_no=10193'>Mi\u0161kufov\u00e1, Zuzana <\/a><br \/><span>professional worker &#8211; accountant<\/span><\/td>\n<td width='30%'><a href='mailto:umermisk@savba.sk'>umermisk@savba.sk<\/a><\/td>\n<td width='20%'>+421 2 591045 82<\/td>\n<\/tr>\n<tr>\n<td width='50%'><a class='bold' href='\/en\/staff\/basic-info\/?user_no=12764'>Ondr\u00e1\u0161ov\u00e1, Iveta Ing., PhD.<\/a><br \/><span>project manager<\/span><\/td>\n<td width='30%'><a href='mailto:umerivon@savba.sk'>umerivon@savba.sk<\/a><\/td>\n<td width='20%'>+421 2 591045 53<\/td>\n<\/tr>\n<tr>\n<td width='50%'><a class='bold' href='\/en\/staff\/basic-info\/?user_no=9055'>Ondri\u0161, \u013dubom\u00edr Ing., CSc.<\/a><br \/><span><\/span><\/td>\n<td width='30%'><a href='mailto:umerivan@savba.sk'>umerivan@savba.sk<\/a><\/td>\n<td width='20%'>+421 2 591045 60<\/td>\n<\/tr>\n<tr>\n<td width='50%'><a class='bold' href='\/en\/staff\/basic-info\/?user_no=14037'>Pajanov\u00e1, Iveta Ing.<\/a><br \/><span>research and development worker &#8211; PhD student<\/span><\/td>\n<td width='30%'><a href='mailto:iveta.pajanova@savba.sk'>iveta.pajanova@savba.sk<\/a><\/td>\n<td width='20%'>+421 2 591045 46<\/td>\n<\/tr>\n<tr>\n<td width='50%'><a class='bold' href='\/en\/staff\/basic-info\/?user_no=13115'>Porubcov\u00e1, Nat\u00e1lia MUDr.<\/a><br \/><span>research and development worker<\/span><\/td>\n<td width='30%'><a href='mailto:umerporu@savba.sk'>umerporu@savba.sk<\/a><\/td>\n<td width='20%'><\/td>\n<\/tr>\n<tr>\n<td width='50%'><a class='bold' href='\/en\/staff\/basic-info\/?user_no=4530&#038;publication_author_id=0096731'>P\u0159ibil, Ji\u0159\u00ed Dr. Ing., (PhD.)<\/a><br \/><span>independent researcher &#8211; scientific worker IIa<\/span><\/td>\n<td width='30%'><a href='mailto:umerprib@savba.sk'>umerprib@savba.sk<\/a><\/td>\n<td width='20%'>+421 2 591045 43<\/td>\n<\/tr>\n<tr>\n<td width='50%'><a class='bold' href='\/en\/staff\/basic-info\/?user_no=11865&#038;publication_author_id=0152850'>P\u0159ibilov\u00e1, Anna Doc. Ing., PhD.<\/a><br \/><span>independent researcher &#8211; scientific worker IIa<\/span><\/td>\n<td width='30%'><a href='mailto:umerapri@savba.sk'>umerapri@savba.sk<\/a><\/td>\n<td width='20%'>+421 2  591045 51<\/td>\n<\/tr>\n<tr>\n<td width='50%'><a class='bold' href='\/en\/staff\/basic-info\/?user_no=8627'>Rosipal, Roman Ing. Mgr. , DrSc.<\/a><br \/><span>Deputy Head of the Department of Theoretical Methods<\/span><\/td>\n<td width='30%'><a href='mailto:roman.rosipal@savba.sk'>roman.rosipal@savba.sk<\/a><\/td>\n<td width='20%'>+421 2 591045 32<\/td>\n<\/tr>\n<tr>\n<td width='50%'><a class='bold' href='\/en\/staff\/basic-info\/?user_no=10079'>Ro\u0161\u0165\u00e1kov\u00e1, Zuzana Mgr., PhD.<\/a><br \/><span>researcher &#8211; scientific worker IIa<\/span><\/td>\n<td width='30%'><a href='mailto:zuzana.rostakova@savba.sk'>zuzana.rostakova@savba.sk<\/a><\/td>\n<td width='20%'><\/td>\n<\/tr>\n<tr>\n<td width='50%'><a class='bold' href='\/en\/staff\/basic-info\/?user_no=784&#038;publication_author_id=0000194'>Rubl\u00edk, Franti\u0161ek Doc. RNDr., CSc.<\/a><br \/><span>independent researcher &#8211; scientific worker IIa<\/span><\/td>\n<td width='30%'><a href='mailto:umerrubl@savba.sk'>umerrubl@savba.sk<\/a><\/td>\n<td width='20%'>+421 2 591045 34<\/td>\n<\/tr>\n<tr>\n<td width='50%'><a class='bold' href='\/en\/staff\/basic-info\/?user_no=791&#038;publication_author_id=0000199'>Szomol\u00e1nyi, Pavol Ing. Dr., (PhD.)<\/a><br \/><span>Head of the Department of Imaging Methods, Vice-President of the Scientific Board<\/span><\/td>\n<td width='30%'><a href='mailto:umerszom@savba.sk'>umerszom@savba.sk<\/a><\/td>\n<td width='20%'>+421 2 591045 46<\/td>\n<\/tr>\n<tr>\n<td width='50%'><a class='bold' href='\/en\/staff\/basic-info\/?user_no=10178'>\u0160atka, Alexander Prof. Ing., CSc.<\/a><br \/><span>Member of the Scientific Board<\/span><\/td>\n<td width='30%'><a href='mailto:umersatk@savba.sk'>umersatk@savba.sk<\/a><\/td>\n<td width='20%'>+421 2 591045 15<\/td>\n<\/tr>\n<tr>\n<td width='50%'><a class='bold' href='\/en\/staff\/basic-info\/?user_no=5023&#038;publication_author_id=0142593'>\u0160kr\u00e1tek, Martin Mgr., PhD.<\/a><br \/><span>Deputy Head of the Department of Magnetometry<\/span><\/td>\n<td width='30%'><a href='mailto:umermato@savba.sk'>umermato@savba.sk<\/a><\/td>\n<td width='20%'>02\/ 591045  ext. 28, 25, 29<\/td>\n<\/tr>\n<tr>\n<td width='50%'><a class='bold' href='\/en\/staff\/basic-info\/?user_no=14703'>\u0160tolfa, Dominik Ing.<\/a><br \/><span>research and development worker &#8211; PhD student<\/span><\/td>\n<td width='30%'><a href='mailto:umerdost@savba.sk'>umerdost@savba.sk<\/a><\/td>\n<td width='20%'>+421 2 591045 51<\/td>\n<\/tr>\n<tr>\n<td width='50%'><a class='bold' href='\/en\/staff\/basic-info\/?user_no=9982'>\u0160trbov\u00e1, Andrea <\/a><br \/><span>professional worker<\/span><\/td>\n<td width='30%'><a href='mailto:umerstrb@savba.sk'>umerstrb@savba.sk<\/a><\/td>\n<td width='20%'>+421 2 591045 81<\/td>\n<\/tr>\n<tr>\n<td width='50%'><a class='bold' href='\/en\/staff\/basic-info\/?user_no=796&#038;publication_author_id=0000683'>\u0160vehl\u00edkov\u00e1, Jana Ing., PhD.<\/a><br \/><span>Head of the Department of Biomeasurements, President of the Scientific Board<\/span><\/td>\n<td width='30%'><a href='mailto:umersveh@savba.sk'>umersveh@savba.sk<\/a><\/td>\n<td width='20%'>+421 2 591045 56<\/td>\n<\/tr>\n<tr>\n<td width='50%'><a class='bold' href='\/en\/staff\/basic-info\/?user_no=12001'>\u0160vr\u010di\u010dov\u00e1, Eva <\/a><br \/><span>other staff<\/span><\/td>\n<td width='30%'><a href='mailto:'><\/a><\/td>\n<td width='20%'><\/td>\n<\/tr>\n<tr>\n<td width='50%'><a class='bold' href='\/en\/staff\/basic-info\/?user_no=797'>Tanglmajer, Rudolf <\/a><br \/><span>other staff<\/span><\/td>\n<td width='30%'><a href='mailto:umerrtan@savba.sk'>umerrtan@savba.sk<\/a><\/td>\n<td width='20%'>+421 2 591045 72<\/td>\n<\/tr>\n<tr>\n<td width='50%'><a class='bold' href='\/en\/staff\/basic-info\/?user_no=3391&#038;publication_author_id=0043677'>Teplan, Michal Mgr., PhD.<\/a><br \/><span>researcher &#8211; scientific worker IIa<\/span><\/td>\n<td width='30%'><a href='mailto:michal.teplan@savba.sk'>michal.teplan@savba.sk<\/a><\/td>\n<td width='20%'>+421 2 591045 37<\/td>\n<\/tr>\n<tr>\n<td width='50%'><a class='bold' href='\/en\/staff\/basic-info\/?user_no=799&#038;publication_author_id=0098758'>Trutz, Marian <\/a><br \/><span>professional worker<\/span><\/td>\n<td width='30%'><a href='mailto:umertru@savba.sk'>umertru@savba.sk<\/a><\/td>\n<td width='20%'>+421 2 591045 62<\/td>\n<\/tr>\n<tr>\n<td width='50%'><a class='bold' href='\/en\/staff\/basic-info\/?user_no=802&#038;publication_author_id=0000202'>Ty\u0161ler, Milan doc. Ing., CSc.<\/a><br \/><span>Scientific Secretary, Deputy Head of the Department of Biomeasurements<\/span><\/td>\n<td width='30%'><a href='mailto:umertysl@savba.sk'>umertysl@savba.sk<\/a><\/td>\n<td width='20%'>+421 2 591045 50<\/td>\n<\/tr>\n<tr>\n<td width='50%'><a class='bold' href='\/en\/staff\/basic-info\/?user_no=7357'>Valkovi\u010d, Ladislav Ing. , DrSc.<\/a><br \/><span>Senior Researcher I<\/span><\/td>\n<td width='30%'><a href='mailto:umerlaci@savba.sk'>umerlaci@savba.sk<\/a><\/td>\n<td width='20%'>+421 2 591045 42<\/td>\n<\/tr>\n<tr>\n<td width='50%'><a class='bold' href='\/en\/staff\/basic-info\/?user_no=14223'>Vank\u00f3, Martin Mgr.<\/a><br \/><span>research and development worker<\/span><\/td>\n<td width='30%'><a href='mailto:umervank@savba.sk'>umervank@savba.sk<\/a><\/td>\n<td width='20%'><\/td>\n<\/tr>\n<tr>\n<td width='50%'><a class='bold' href='\/en\/staff\/basic-info\/?user_no=12302'>Vu Viet, Hoang Ing., PhD.<\/a><br \/><span>research and development worker &#8211; PhD student<\/span><\/td>\n<td width='30%'><a href='mailto:hoang.vuviet@savba.sk'>hoang.vuviet@savba.sk<\/a><\/td>\n<td width='20%'>+421 2 591045 35<\/td>\n<\/tr>\n<tr>\n<td width='50%'><a class='bold' href='\/en\/staff\/basic-info\/?user_no=804&#038;publication_author_id=0000206'>Witkovsk\u00fd, Viktor Doc. RNDr., CSc.<\/a><br \/><span>Director<\/span><\/td>\n<td width='30%'><a href='mailto:witkovsky@savba.sk'>witkovsky@savba.sk<\/a><\/td>\n<td width='20%'>+421 2 591045 30<\/td>\n<\/tr>\n<tr>\n<td width='50%'><a class='bold' href='\/en\/staff\/basic-info\/?user_no=9856'>Z\u00e1topkov\u00e1, M\u00e1ria <\/a><br \/><span>other staff<\/span><\/td>\n<td width='30%'><a href='mailto:'><\/a><\/td>\n<td width='20%'>+421 2 591045 99<\/td>\n<\/tr>\n<tr>\n<td width='50%'><a class='bold' href='\/en\/staff\/basic-info\/?user_no=13114'>Zelieska, Luk\u00e1\u0161 Ing.<\/a><br \/><span>research and development worker<\/span><\/td>\n<td width='30%'><a href='mailto:umerlzel@savba.sk'>umerlzel@savba.sk<\/a><\/td>\n<td width='20%'>+421 2 591045 52<\/td>\n<\/tr>\n<tr>\n<td width='50%'><a class='bold' href='\/en\/staff\/basic-info\/?user_no=9853&#038;publication_author_id=0190999'>Zelinka, J\u00e1n Ing.<\/a><br \/><span>research and development worker<\/span><\/td>\n<td width='30%'><a href='mailto:umerjanz@savba.sk'>umerjanz@savba.sk<\/a><\/td>\n<td width='20%'>+421 2 591045 56<\/td>\n<\/tr>\n<\/table>\n","protected":false},"excerpt":{"rendered":"<p>Name \/ Position E-mail Phone Bag\u00edn, Richard Ing.research and development worker umerbagi@savba.sk +421 2 591045 54 Bajla, Ivan Prof. RNDr. Ing., PhD.senior scientist icko.bajla@gmail.com +421&#8230;<\/p>\n","protected":false},"author":1,"featured_media":0,"parent":185,"menu_order":291,"comment_status":"closed","ping_status":"closed","template":"","meta":{"footnotes":"","_links_to":"","_links_to_target":""},"class_list":["post-187","page","type-page","status-publish","hentry"],"publishpress_future_action":{"enabled":false,"date":"2026-04-20 01:50:23","action":"change-status","newStatus":"draft","terms":[],"taxonomy":"","extraData":[]},"publishpress_future_workflow_manual_trigger":{"enabledWorkflows":[]},"_links":{"self":[{"href":"https:\/\/www.um.sav.sk\/en\/wp-json\/wp\/v2\/pages\/187","targetHints":{"allow":["GET"]}}],"collection":[{"href":"https:\/\/www.um.sav.sk\/en\/wp-json\/wp\/v2\/pages"}],"about":[{"href":"https:\/\/www.um.sav.sk\/en\/wp-json\/wp\/v2\/types\/page"}],"author":[{"embeddable":true,"href":"https:\/\/www.um.sav.sk\/en\/wp-json\/wp\/v2\/users\/1"}],"replies":[{"embeddable":true,"href":"https:\/\/www.um.sav.sk\/en\/wp-json\/wp\/v2\/comments?post=187"}],"version-history":[{"count":20,"href":"https:\/\/www.um.sav.sk\/en\/wp-json\/wp\/v2\/pages\/187\/revisions"}],"predecessor-version":[{"id":1043,"href":"https:\/\/www.um.sav.sk\/en\/wp-json\/wp\/v2\/pages\/187\/revisions\/1043"}],"up":[{"embeddable":true,"href":"https:\/\/www.um.sav.sk\/en\/wp-json\/wp\/v2\/pages\/185"}],"wp:attachment":[{"href":"https:\/\/www.um.sav.sk\/en\/wp-json\/wp\/v2\/media?parent=187"}],"curies":[{"name":"wp","href":"https:\/\/api.w.org\/{rel}","templated":true}]}}